{"id":31,"date":"2025-11-11T20:24:52","date_gmt":"2025-11-11T20:24:52","guid":{"rendered":"https:\/\/weideschweine.at\/?page_id=31"},"modified":"2025-11-11T20:24:53","modified_gmt":"2025-11-11T20:24:53","slug":"ausgsteckt-is","status":"publish","type":"page","link":"https:\/\/weideschweine.at\/index.php\/ausgsteckt-is\/","title":{"rendered":"aus&#8217;gsteckt is"},"content":{"rendered":"\n<p>Unser Buschenschank ist im Jahr 2025 an folgenden Terminen f\u00fcr Sie ge\u00f6ffnet:<\/p>\n\n\n\n<ul class=\"wp-block-list\">\n<li>16. J\u00e4nner bis 29. J\u00e4nner<\/li>\n\n\n\n<li>03. April bis 16. April<\/li>\n\n\n\n<li>05. Juni bis 18. Juni<\/li>\n\n\n\n<li>07. August bis 20. August<\/li>\n\n\n\n<li>13. November bis 26. November<\/li>\n<\/ul>\n\n\n\n<ul class=\"wp-block-list\">\n<li>\u00d6ffnungszeiten wochentags: ab 14 Uhr<\/li>\n\n\n\n<li>Sa-, Sonn- und Feiertag: ab 10 Uhr<\/li>\n<\/ul>\n\n\n\n<p>F\u00fcr eine Tischreservierung k\u00f6nnen Sie uns unter folgender Nummer erreichen: 0699 885 05 466<\/p>\n","protected":false},"excerpt":{"rendered":"<p>Unser Buschenschank ist im Jahr 2025 an folgenden Terminen f\u00fcr Sie ge\u00f6ffnet: F\u00fcr eine Tischreservierung k\u00f6nnen Sie uns unter folgender Nummer erreichen: 0699 885 05 466<\/p>\n","protected":false},"author":1,"featured_media":0,"parent":0,"menu_order":0,"comment_status":"closed","ping_status":"closed","template":"","meta":{"footnotes":""},"class_list":["post-31","page","type-page","status-publish","hentry","post-preview"],"yoast_head":"<!-- This site is optimized with the Yoast SEO plugin v27.4 - https:\/\/yoast.com\/product\/yoast-seo-wordpress\/ -->\n<title>aus&#039;gsteckt is - Weideschweine<\/title>\n<meta name=\"robots\" content=\"index, follow, max-snippet:-1, max-image-preview:large, max-video-preview:-1\" \/>\n<link rel=\"canonical\" href=\"https:\/\/weideschweine.at\/index.php\/ausgsteckt-is\/\" \/>\n<meta property=\"og:locale\" content=\"de_DE\" \/>\n<meta property=\"og:type\" content=\"article\" \/>\n<meta property=\"og:title\" content=\"aus&#039;gsteckt is - Weideschweine\" \/>\n<meta property=\"og:description\" content=\"Unser Buschenschank ist im Jahr 2025 an folgenden Terminen f\u00fcr Sie ge\u00f6ffnet: F\u00fcr eine Tischreservierung k\u00f6nnen Sie uns unter folgender Nummer erreichen: 0699 885 05 466\" \/>\n<meta property=\"og:url\" content=\"https:\/\/weideschweine.at\/index.php\/ausgsteckt-is\/\" \/>\n<meta property=\"og:site_name\" content=\"Weideschweine\" \/>\n<meta property=\"article:modified_time\" content=\"2025-11-11T20:24:53+00:00\" \/>\n<meta name=\"twitter:card\" content=\"summary_large_image\" \/>\n<script type=\"application\/ld+json\" class=\"yoast-schema-graph\">{\"@context\":\"https:\\\/\\\/schema.org\",\"@graph\":[{\"@type\":\"WebPage\",\"@id\":\"https:\\\/\\\/weideschweine.at\\\/index.php\\\/ausgsteckt-is\\\/\",\"url\":\"https:\\\/\\\/weideschweine.at\\\/index.php\\\/ausgsteckt-is\\\/\",\"name\":\"aus'gsteckt is - Weideschweine\",\"isPartOf\":{\"@id\":\"https:\\\/\\\/weideschweine.at\\\/#website\"},\"datePublished\":\"2025-11-11T20:24:52+00:00\",\"dateModified\":\"2025-11-11T20:24:53+00:00\",\"breadcrumb\":{\"@id\":\"https:\\\/\\\/weideschweine.at\\\/index.php\\\/ausgsteckt-is\\\/#breadcrumb\"},\"inLanguage\":\"de-AT\",\"potentialAction\":[{\"@type\":\"ReadAction\",\"target\":[\"https:\\\/\\\/weideschweine.at\\\/index.php\\\/ausgsteckt-is\\\/\"]}]},{\"@type\":\"BreadcrumbList\",\"@id\":\"https:\\\/\\\/weideschweine.at\\\/index.php\\\/ausgsteckt-is\\\/#breadcrumb\",\"itemListElement\":[{\"@type\":\"ListItem\",\"position\":1,\"name\":\"Startseite\",\"item\":\"https:\\\/\\\/weideschweine.at\\\/\"},{\"@type\":\"ListItem\",\"position\":2,\"name\":\"aus&#8217;gsteckt is\"}]},{\"@type\":\"WebSite\",\"@id\":\"https:\\\/\\\/weideschweine.at\\\/#website\",\"url\":\"https:\\\/\\\/weideschweine.at\\\/\",\"name\":\"Weideschweine\",\"description\":\"aus dem Triestingtal\",\"potentialAction\":[{\"@type\":\"SearchAction\",\"target\":{\"@type\":\"EntryPoint\",\"urlTemplate\":\"https:\\\/\\\/weideschweine.at\\\/?s={search_term_string}\"},\"query-input\":{\"@type\":\"PropertyValueSpecification\",\"valueRequired\":true,\"valueName\":\"search_term_string\"}}],\"inLanguage\":\"de-AT\"}]}<\/script>\n<!-- \/ Yoast SEO plugin. -->","yoast_head_json":{"title":"aus'gsteckt is - Weideschweine","robots":{"index":"index","follow":"follow","max-snippet":"max-snippet:-1","max-image-preview":"max-image-preview:large","max-video-preview":"max-video-preview:-1"},"canonical":"https:\/\/weideschweine.at\/index.php\/ausgsteckt-is\/","og_locale":"de_DE","og_type":"article","og_title":"aus'gsteckt is - Weideschweine","og_description":"Unser Buschenschank ist im Jahr 2025 an folgenden Terminen f\u00fcr Sie ge\u00f6ffnet: F\u00fcr eine Tischreservierung k\u00f6nnen Sie uns unter folgender Nummer erreichen: 0699 885 05 466","og_url":"https:\/\/weideschweine.at\/index.php\/ausgsteckt-is\/","og_site_name":"Weideschweine","article_modified_time":"2025-11-11T20:24:53+00:00","twitter_card":"summary_large_image","schema":{"@context":"https:\/\/schema.org","@graph":[{"@type":"WebPage","@id":"https:\/\/weideschweine.at\/index.php\/ausgsteckt-is\/","url":"https:\/\/weideschweine.at\/index.php\/ausgsteckt-is\/","name":"aus'gsteckt is - Weideschweine","isPartOf":{"@id":"https:\/\/weideschweine.at\/#website"},"datePublished":"2025-11-11T20:24:52+00:00","dateModified":"2025-11-11T20:24:53+00:00","breadcrumb":{"@id":"https:\/\/weideschweine.at\/index.php\/ausgsteckt-is\/#breadcrumb"},"inLanguage":"de-AT","potentialAction":[{"@type":"ReadAction","target":["https:\/\/weideschweine.at\/index.php\/ausgsteckt-is\/"]}]},{"@type":"BreadcrumbList","@id":"https:\/\/weideschweine.at\/index.php\/ausgsteckt-is\/#breadcrumb","itemListElement":[{"@type":"ListItem","position":1,"name":"Startseite","item":"https:\/\/weideschweine.at\/"},{"@type":"ListItem","position":2,"name":"aus&#8217;gsteckt is"}]},{"@type":"WebSite","@id":"https:\/\/weideschweine.at\/#website","url":"https:\/\/weideschweine.at\/","name":"Weideschweine","description":"aus dem Triestingtal","potentialAction":[{"@type":"SearchAction","target":{"@type":"EntryPoint","urlTemplate":"https:\/\/weideschweine.at\/?s={search_term_string}"},"query-input":{"@type":"PropertyValueSpecification","valueRequired":true,"valueName":"search_term_string"}}],"inLanguage":"de-AT"}]}},"_links":{"self":[{"href":"https:\/\/weideschweine.at\/index.php\/wp-json\/wp\/v2\/pages\/31","targetHints":{"allow":["GET"]}}],"collection":[{"href":"https:\/\/weideschweine.at\/index.php\/wp-json\/wp\/v2\/pages"}],"about":[{"href":"https:\/\/weideschweine.at\/index.php\/wp-json\/wp\/v2\/types\/page"}],"author":[{"embeddable":true,"href":"https:\/\/weideschweine.at\/index.php\/wp-json\/wp\/v2\/users\/1"}],"replies":[{"embeddable":true,"href":"https:\/\/weideschweine.at\/index.php\/wp-json\/wp\/v2\/comments?post=31"}],"version-history":[{"count":1,"href":"https:\/\/weideschweine.at\/index.php\/wp-json\/wp\/v2\/pages\/31\/revisions"}],"predecessor-version":[{"id":32,"href":"https:\/\/weideschweine.at\/index.php\/wp-json\/wp\/v2\/pages\/31\/revisions\/32"}],"wp:attachment":[{"href":"https:\/\/weideschweine.at\/index.php\/wp-json\/wp\/v2\/media?parent=31"}],"curies":[{"name":"wp","href":"https:\/\/api.w.org\/{rel}","templated":true}]}}