{"id":33,"date":"2025-11-11T20:25:27","date_gmt":"2025-11-11T20:25:27","guid":{"rendered":"https:\/\/weideschweine.at\/?page_id=33"},"modified":"2025-11-23T19:18:16","modified_gmt":"2025-11-23T19:18:16","slug":"uebersicht","status":"publish","type":"page","link":"https:\/\/weideschweine.at\/","title":{"rendered":"\u00dcbersicht"},"content":{"rendered":"\n<p>Willkommen auf unserer Website! Wir sind ein kleiner Familienbetrieb in Nieder\u00f6sterreich, aus dem sch\u00f6nen Triestingtal. Auf etwa 5 Hektar werden verschiedenste Rebsorten betreut und zu Qualit\u00e4tsweinen ausgebaut.<\/p>\n\n\n\n<p>Seit einigen Jahren begleiten uns au\u00dferdem unsere Weideschweine, die der seltenen Nutztierrasse \u201eKune Kune\u201c angeh\u00f6ren. Die Schweine sind das ganze Jahr \u00fcber im Freien und k\u00f6nnen sich auf einer Fl\u00e4che von etwa 3000 m\u00b2 austoben.<\/p>\n\n\n\n<p>Sollten Sie Fragen zur Haltung und Zucht von Kune Kune haben oder uns beim Heurigen besuchen kommen wollen, k\u00f6nnen Sie jederzeit Kontakt mit uns aufnehmen.<\/p>\n\n\n\n<p>Aktuell haben wir auch Ferkel abzugeben, siehe dazu <a href=\"https:\/\/weideschweine.at\/index.php\/abzugebende-ferkel\/\">Abzugebende Ferkel<\/a><\/p>\n\n\n\n<p><\/p>\n","protected":false},"excerpt":{"rendered":"<p>Willkommen auf unserer Website! Wir sind ein kleiner Familienbetrieb in Nieder\u00f6sterreich, aus dem sch\u00f6nen Triestingtal. Auf etwa 5 Hektar werden verschiedenste Rebsorten betreut und zu Qualit\u00e4tsweinen ausgebaut. Seit einigen Jahren begleiten uns au\u00dferdem unsere Weideschweine, die der seltenen Nutztierrasse \u201eKune Kune\u201c angeh\u00f6ren. Die Schweine sind das ganze Jahr \u00fcber im Freien und k\u00f6nnen sich auf [&hellip;]<\/p>\n","protected":false},"author":1,"featured_media":0,"parent":0,"menu_order":0,"comment_status":"closed","ping_status":"closed","template":"","meta":{"footnotes":""},"class_list":["post-33","page","type-page","status-publish","hentry","post-preview"],"yoast_head":"<!-- This site is optimized with the Yoast SEO plugin v27.4 - https:\/\/yoast.com\/product\/yoast-seo-wordpress\/ -->\n<title>\u00dcbersicht - Weideschweine<\/title>\n<meta name=\"robots\" content=\"index, follow, max-snippet:-1, max-image-preview:large, max-video-preview:-1\" \/>\n<link rel=\"canonical\" href=\"https:\/\/weideschweine.at\/\" \/>\n<meta property=\"og:locale\" content=\"de_DE\" \/>\n<meta property=\"og:type\" content=\"article\" \/>\n<meta property=\"og:title\" content=\"\u00dcbersicht - Weideschweine\" \/>\n<meta property=\"og:description\" content=\"Willkommen auf unserer Website! Wir sind ein kleiner Familienbetrieb in Nieder\u00f6sterreich, aus dem sch\u00f6nen Triestingtal. Auf etwa 5 Hektar werden verschiedenste Rebsorten betreut und zu Qualit\u00e4tsweinen ausgebaut. Seit einigen Jahren begleiten uns au\u00dferdem unsere Weideschweine, die der seltenen Nutztierrasse \u201eKune Kune\u201c angeh\u00f6ren. Die Schweine sind das ganze Jahr \u00fcber im Freien und k\u00f6nnen sich auf [&hellip;]\" \/>\n<meta property=\"og:url\" content=\"https:\/\/weideschweine.at\/\" \/>\n<meta property=\"og:site_name\" content=\"Weideschweine\" \/>\n<meta property=\"article:modified_time\" content=\"2025-11-23T19:18:16+00:00\" \/>\n<meta name=\"twitter:card\" content=\"summary_large_image\" \/>\n<meta name=\"twitter:label1\" content=\"Gesch\u00e4tzte Lesezeit\" \/>\n\t<meta name=\"twitter:data1\" content=\"1 Minute\" \/>\n<script type=\"application\/ld+json\" class=\"yoast-schema-graph\">{\"@context\":\"https:\\\/\\\/schema.org\",\"@graph\":[{\"@type\":\"WebPage\",\"@id\":\"https:\\\/\\\/weideschweine.at\\\/\",\"url\":\"https:\\\/\\\/weideschweine.at\\\/\",\"name\":\"\u00dcbersicht - Weideschweine\",\"isPartOf\":{\"@id\":\"https:\\\/\\\/weideschweine.at\\\/#website\"},\"datePublished\":\"2025-11-11T20:25:27+00:00\",\"dateModified\":\"2025-11-23T19:18:16+00:00\",\"breadcrumb\":{\"@id\":\"https:\\\/\\\/weideschweine.at\\\/#breadcrumb\"},\"inLanguage\":\"de-AT\",\"potentialAction\":[{\"@type\":\"ReadAction\",\"target\":[\"https:\\\/\\\/weideschweine.at\\\/\"]}]},{\"@type\":\"BreadcrumbList\",\"@id\":\"https:\\\/\\\/weideschweine.at\\\/#breadcrumb\",\"itemListElement\":[{\"@type\":\"ListItem\",\"position\":1,\"name\":\"Startseite\",\"item\":\"https:\\\/\\\/weideschweine.at\\\/\"},{\"@type\":\"ListItem\",\"position\":2,\"name\":\"\u00dcbersicht\"}]},{\"@type\":\"WebSite\",\"@id\":\"https:\\\/\\\/weideschweine.at\\\/#website\",\"url\":\"https:\\\/\\\/weideschweine.at\\\/\",\"name\":\"Weideschweine\",\"description\":\"aus dem Triestingtal\",\"potentialAction\":[{\"@type\":\"SearchAction\",\"target\":{\"@type\":\"EntryPoint\",\"urlTemplate\":\"https:\\\/\\\/weideschweine.at\\\/?s={search_term_string}\"},\"query-input\":{\"@type\":\"PropertyValueSpecification\",\"valueRequired\":true,\"valueName\":\"search_term_string\"}}],\"inLanguage\":\"de-AT\"}]}<\/script>\n<!-- \/ Yoast SEO plugin. -->","yoast_head_json":{"title":"\u00dcbersicht - Weideschweine","robots":{"index":"index","follow":"follow","max-snippet":"max-snippet:-1","max-image-preview":"max-image-preview:large","max-video-preview":"max-video-preview:-1"},"canonical":"https:\/\/weideschweine.at\/","og_locale":"de_DE","og_type":"article","og_title":"\u00dcbersicht - Weideschweine","og_description":"Willkommen auf unserer Website! Wir sind ein kleiner Familienbetrieb in Nieder\u00f6sterreich, aus dem sch\u00f6nen Triestingtal. Auf etwa 5 Hektar werden verschiedenste Rebsorten betreut und zu Qualit\u00e4tsweinen ausgebaut. Seit einigen Jahren begleiten uns au\u00dferdem unsere Weideschweine, die der seltenen Nutztierrasse \u201eKune Kune\u201c angeh\u00f6ren. Die Schweine sind das ganze Jahr \u00fcber im Freien und k\u00f6nnen sich auf [&hellip;]","og_url":"https:\/\/weideschweine.at\/","og_site_name":"Weideschweine","article_modified_time":"2025-11-23T19:18:16+00:00","twitter_card":"summary_large_image","twitter_misc":{"Gesch\u00e4tzte Lesezeit":"1 Minute"},"schema":{"@context":"https:\/\/schema.org","@graph":[{"@type":"WebPage","@id":"https:\/\/weideschweine.at\/","url":"https:\/\/weideschweine.at\/","name":"\u00dcbersicht - Weideschweine","isPartOf":{"@id":"https:\/\/weideschweine.at\/#website"},"datePublished":"2025-11-11T20:25:27+00:00","dateModified":"2025-11-23T19:18:16+00:00","breadcrumb":{"@id":"https:\/\/weideschweine.at\/#breadcrumb"},"inLanguage":"de-AT","potentialAction":[{"@type":"ReadAction","target":["https:\/\/weideschweine.at\/"]}]},{"@type":"BreadcrumbList","@id":"https:\/\/weideschweine.at\/#breadcrumb","itemListElement":[{"@type":"ListItem","position":1,"name":"Startseite","item":"https:\/\/weideschweine.at\/"},{"@type":"ListItem","position":2,"name":"\u00dcbersicht"}]},{"@type":"WebSite","@id":"https:\/\/weideschweine.at\/#website","url":"https:\/\/weideschweine.at\/","name":"Weideschweine","description":"aus dem Triestingtal","potentialAction":[{"@type":"SearchAction","target":{"@type":"EntryPoint","urlTemplate":"https:\/\/weideschweine.at\/?s={search_term_string}"},"query-input":{"@type":"PropertyValueSpecification","valueRequired":true,"valueName":"search_term_string"}}],"inLanguage":"de-AT"}]}},"_links":{"self":[{"href":"https:\/\/weideschweine.at\/index.php\/wp-json\/wp\/v2\/pages\/33","targetHints":{"allow":["GET"]}}],"collection":[{"href":"https:\/\/weideschweine.at\/index.php\/wp-json\/wp\/v2\/pages"}],"about":[{"href":"https:\/\/weideschweine.at\/index.php\/wp-json\/wp\/v2\/types\/page"}],"author":[{"embeddable":true,"href":"https:\/\/weideschweine.at\/index.php\/wp-json\/wp\/v2\/users\/1"}],"replies":[{"embeddable":true,"href":"https:\/\/weideschweine.at\/index.php\/wp-json\/wp\/v2\/comments?post=33"}],"version-history":[{"count":5,"href":"https:\/\/weideschweine.at\/index.php\/wp-json\/wp\/v2\/pages\/33\/revisions"}],"predecessor-version":[{"id":73,"href":"https:\/\/weideschweine.at\/index.php\/wp-json\/wp\/v2\/pages\/33\/revisions\/73"}],"wp:attachment":[{"href":"https:\/\/weideschweine.at\/index.php\/wp-json\/wp\/v2\/media?parent=33"}],"curies":[{"name":"wp","href":"https:\/\/api.w.org\/{rel}","templated":true}]}}