{"id":41,"date":"2025-11-11T20:27:44","date_gmt":"2025-11-11T20:27:44","guid":{"rendered":"https:\/\/weideschweine.at\/?page_id=41"},"modified":"2025-11-11T20:27:45","modified_gmt":"2025-11-11T20:27:45","slug":"zuchteber","status":"publish","type":"page","link":"https:\/\/weideschweine.at\/index.php\/zuchteber\/","title":{"rendered":"Zuchteber"},"content":{"rendered":"\n<p>Unser Zuchteber \u201eFritz\u201c hat die Blutlinie \u201eRu\u201c. Er ist sehr umg\u00e4nglich und kann zum Decken ausgeliehen werden.<\/p>\n\n\n\n<p>Er ist nat\u00fcrlich im Zuchtbuch des europ\u00e4ischen Zuchtverbands (EKKPS \u2013 European Kune Kune Pig Society) registriert. Seine Herdbuch Nummer ist EKKPS-0147 und er hat einen Inzuchtkoeffizienten von 11,88. Gerne kann ich f\u00fcr Ihre Sauen auch virtuelle Verpaarungen erstellen, um zu sehen, ob sie genetisch mit Fritz zusammen passen.<\/p>\n\n\n\n<p>Bei Interesse oder Fragen schreiben Sie mir gerne eine E-Mail an <strong>kerstin@weideschweine.at<\/strong><\/p>\n","protected":false},"excerpt":{"rendered":"<p>Unser Zuchteber \u201eFritz\u201c hat die Blutlinie \u201eRu\u201c. Er ist sehr umg\u00e4nglich und kann zum Decken ausgeliehen werden. Er ist nat\u00fcrlich im Zuchtbuch des europ\u00e4ischen Zuchtverbands (EKKPS \u2013 European Kune Kune Pig Society) registriert. Seine Herdbuch Nummer ist EKKPS-0147 und er hat einen Inzuchtkoeffizienten von 11,88. Gerne kann ich f\u00fcr Ihre Sauen auch virtuelle Verpaarungen erstellen, [&hellip;]<\/p>\n","protected":false},"author":1,"featured_media":0,"parent":0,"menu_order":0,"comment_status":"closed","ping_status":"closed","template":"","meta":{"footnotes":""},"class_list":["post-41","page","type-page","status-publish","hentry","post-preview"],"yoast_head":"<!-- This site is optimized with the Yoast SEO plugin v27.4 - https:\/\/yoast.com\/product\/yoast-seo-wordpress\/ -->\n<title>Zuchteber - Weideschweine<\/title>\n<meta name=\"robots\" content=\"index, follow, max-snippet:-1, max-image-preview:large, max-video-preview:-1\" \/>\n<link rel=\"canonical\" href=\"https:\/\/weideschweine.at\/index.php\/zuchteber\/\" \/>\n<meta property=\"og:locale\" content=\"de_DE\" \/>\n<meta property=\"og:type\" content=\"article\" \/>\n<meta property=\"og:title\" content=\"Zuchteber - Weideschweine\" \/>\n<meta property=\"og:description\" content=\"Unser Zuchteber \u201eFritz\u201c hat die Blutlinie \u201eRu\u201c. Er ist sehr umg\u00e4nglich und kann zum Decken ausgeliehen werden. Er ist nat\u00fcrlich im Zuchtbuch des europ\u00e4ischen Zuchtverbands (EKKPS \u2013 European Kune Kune Pig Society) registriert. Seine Herdbuch Nummer ist EKKPS-0147 und er hat einen Inzuchtkoeffizienten von 11,88. Gerne kann ich f\u00fcr Ihre Sauen auch virtuelle Verpaarungen erstellen, [&hellip;]\" \/>\n<meta property=\"og:url\" content=\"https:\/\/weideschweine.at\/index.php\/zuchteber\/\" \/>\n<meta property=\"og:site_name\" content=\"Weideschweine\" \/>\n<meta property=\"article:modified_time\" content=\"2025-11-11T20:27:45+00:00\" \/>\n<meta name=\"twitter:card\" content=\"summary_large_image\" \/>\n<meta name=\"twitter:label1\" content=\"Gesch\u00e4tzte Lesezeit\" \/>\n\t<meta name=\"twitter:data1\" content=\"1 Minute\" \/>\n<script type=\"application\/ld+json\" class=\"yoast-schema-graph\">{\"@context\":\"https:\\\/\\\/schema.org\",\"@graph\":[{\"@type\":\"WebPage\",\"@id\":\"https:\\\/\\\/weideschweine.at\\\/index.php\\\/zuchteber\\\/\",\"url\":\"https:\\\/\\\/weideschweine.at\\\/index.php\\\/zuchteber\\\/\",\"name\":\"Zuchteber - Weideschweine\",\"isPartOf\":{\"@id\":\"https:\\\/\\\/weideschweine.at\\\/#website\"},\"datePublished\":\"2025-11-11T20:27:44+00:00\",\"dateModified\":\"2025-11-11T20:27:45+00:00\",\"breadcrumb\":{\"@id\":\"https:\\\/\\\/weideschweine.at\\\/index.php\\\/zuchteber\\\/#breadcrumb\"},\"inLanguage\":\"de-AT\",\"potentialAction\":[{\"@type\":\"ReadAction\",\"target\":[\"https:\\\/\\\/weideschweine.at\\\/index.php\\\/zuchteber\\\/\"]}]},{\"@type\":\"BreadcrumbList\",\"@id\":\"https:\\\/\\\/weideschweine.at\\\/index.php\\\/zuchteber\\\/#breadcrumb\",\"itemListElement\":[{\"@type\":\"ListItem\",\"position\":1,\"name\":\"Startseite\",\"item\":\"https:\\\/\\\/weideschweine.at\\\/\"},{\"@type\":\"ListItem\",\"position\":2,\"name\":\"Zuchteber\"}]},{\"@type\":\"WebSite\",\"@id\":\"https:\\\/\\\/weideschweine.at\\\/#website\",\"url\":\"https:\\\/\\\/weideschweine.at\\\/\",\"name\":\"Weideschweine\",\"description\":\"aus dem Triestingtal\",\"potentialAction\":[{\"@type\":\"SearchAction\",\"target\":{\"@type\":\"EntryPoint\",\"urlTemplate\":\"https:\\\/\\\/weideschweine.at\\\/?s={search_term_string}\"},\"query-input\":{\"@type\":\"PropertyValueSpecification\",\"valueRequired\":true,\"valueName\":\"search_term_string\"}}],\"inLanguage\":\"de-AT\"}]}<\/script>\n<!-- \/ Yoast SEO plugin. -->","yoast_head_json":{"title":"Zuchteber - Weideschweine","robots":{"index":"index","follow":"follow","max-snippet":"max-snippet:-1","max-image-preview":"max-image-preview:large","max-video-preview":"max-video-preview:-1"},"canonical":"https:\/\/weideschweine.at\/index.php\/zuchteber\/","og_locale":"de_DE","og_type":"article","og_title":"Zuchteber - Weideschweine","og_description":"Unser Zuchteber \u201eFritz\u201c hat die Blutlinie \u201eRu\u201c. Er ist sehr umg\u00e4nglich und kann zum Decken ausgeliehen werden. Er ist nat\u00fcrlich im Zuchtbuch des europ\u00e4ischen Zuchtverbands (EKKPS \u2013 European Kune Kune Pig Society) registriert. Seine Herdbuch Nummer ist EKKPS-0147 und er hat einen Inzuchtkoeffizienten von 11,88. Gerne kann ich f\u00fcr Ihre Sauen auch virtuelle Verpaarungen erstellen, [&hellip;]","og_url":"https:\/\/weideschweine.at\/index.php\/zuchteber\/","og_site_name":"Weideschweine","article_modified_time":"2025-11-11T20:27:45+00:00","twitter_card":"summary_large_image","twitter_misc":{"Gesch\u00e4tzte Lesezeit":"1 Minute"},"schema":{"@context":"https:\/\/schema.org","@graph":[{"@type":"WebPage","@id":"https:\/\/weideschweine.at\/index.php\/zuchteber\/","url":"https:\/\/weideschweine.at\/index.php\/zuchteber\/","name":"Zuchteber - Weideschweine","isPartOf":{"@id":"https:\/\/weideschweine.at\/#website"},"datePublished":"2025-11-11T20:27:44+00:00","dateModified":"2025-11-11T20:27:45+00:00","breadcrumb":{"@id":"https:\/\/weideschweine.at\/index.php\/zuchteber\/#breadcrumb"},"inLanguage":"de-AT","potentialAction":[{"@type":"ReadAction","target":["https:\/\/weideschweine.at\/index.php\/zuchteber\/"]}]},{"@type":"BreadcrumbList","@id":"https:\/\/weideschweine.at\/index.php\/zuchteber\/#breadcrumb","itemListElement":[{"@type":"ListItem","position":1,"name":"Startseite","item":"https:\/\/weideschweine.at\/"},{"@type":"ListItem","position":2,"name":"Zuchteber"}]},{"@type":"WebSite","@id":"https:\/\/weideschweine.at\/#website","url":"https:\/\/weideschweine.at\/","name":"Weideschweine","description":"aus dem Triestingtal","potentialAction":[{"@type":"SearchAction","target":{"@type":"EntryPoint","urlTemplate":"https:\/\/weideschweine.at\/?s={search_term_string}"},"query-input":{"@type":"PropertyValueSpecification","valueRequired":true,"valueName":"search_term_string"}}],"inLanguage":"de-AT"}]}},"_links":{"self":[{"href":"https:\/\/weideschweine.at\/index.php\/wp-json\/wp\/v2\/pages\/41","targetHints":{"allow":["GET"]}}],"collection":[{"href":"https:\/\/weideschweine.at\/index.php\/wp-json\/wp\/v2\/pages"}],"about":[{"href":"https:\/\/weideschweine.at\/index.php\/wp-json\/wp\/v2\/types\/page"}],"author":[{"embeddable":true,"href":"https:\/\/weideschweine.at\/index.php\/wp-json\/wp\/v2\/users\/1"}],"replies":[{"embeddable":true,"href":"https:\/\/weideschweine.at\/index.php\/wp-json\/wp\/v2\/comments?post=41"}],"version-history":[{"count":1,"href":"https:\/\/weideschweine.at\/index.php\/wp-json\/wp\/v2\/pages\/41\/revisions"}],"predecessor-version":[{"id":42,"href":"https:\/\/weideschweine.at\/index.php\/wp-json\/wp\/v2\/pages\/41\/revisions\/42"}],"wp:attachment":[{"href":"https:\/\/weideschweine.at\/index.php\/wp-json\/wp\/v2\/media?parent=41"}],"curies":[{"name":"wp","href":"https:\/\/api.w.org\/{rel}","templated":true}]}}